{"id":1624,"date":"2025-07-07T14:26:21","date_gmt":"2025-07-07T12:26:21","guid":{"rendered":"https:\/\/asecs.diskspace.ch\/?page_id=1624"},"modified":"2025-07-11T17:35:54","modified_gmt":"2025-07-11T15:35:54","slug":"datenschutz","status":"publish","type":"page","link":"https:\/\/www.asecs.ch\/en\/datenschutz\/","title":{"rendered":"Data protection"},"content":{"rendered":"<div data-elementor-type=\"wp-page\" data-elementor-id=\"1624\" class=\"elementor elementor-1624\" data-elementor-post-type=\"page\">\n\t\t\t\t\t\t<section class=\"elementor-section elementor-top-section elementor-element elementor-element-71072b elementor-reverse-mobile elementor-section-boxed elementor-section-height-default elementor-section-height-default\" data-id=\"71072b\" data-element_type=\"section\" data-e-type=\"section\" data-settings=\"{&quot;background_background&quot;:&quot;classic&quot;}\">\n\t\t\t\t\t\t\t<div class=\"elementor-background-overlay\"><\/div>\n\t\t\t\t\t\t\t<div class=\"elementor-container elementor-column-gap-default\">\n\t\t\t\t\t<div class=\"elementor-column elementor-col-100 elementor-top-column elementor-element elementor-element-7949c0b5\" data-id=\"7949c0b5\" data-element_type=\"column\" data-e-type=\"column\">\n\t\t\t<div class=\"elementor-widget-wrap elementor-element-populated\">\n\t\t\t\t\t\t<div class=\"elementor-element elementor-element-14b66c71 elementor-widget elementor-widget-elementskit-heading\" data-id=\"14b66c71\" data-element_type=\"widget\" data-e-type=\"widget\" data-widget_type=\"elementskit-heading.default\">\n\t\t\t\t\t<div class=\"ekit-wid-con\" ><div class=\"ekit-heading elementskit-section-title-wraper text_center   ekit_heading_tablet-   ekit_heading_mobile-text_center\"><h1 class=\"ekit-heading--title elementskit-section-title\"><span><span>Data protection<\/span><\/span> Asecs GmbH<\/h1><div class=\"ekit_heading_separetor_wraper ekit_heading_elementskit-border-divider ekit-dotted\"><div class=\"elementskit-border-divider ekit-dotted\"><\/div><\/div><\/div><\/div>\t\t\t\t<\/div>\n\t\t\t\t\t<\/div>\n\t\t<\/div>\n\t\t\t\t\t<\/div>\n\t\t<\/section>\n\t\t\t\t<section class=\"elementor-section elementor-inner-section elementor-element elementor-element-7b00ec34 elementor-section-boxed elementor-section-height-default elementor-section-height-default\" data-id=\"7b00ec34\" data-element_type=\"section\" data-e-type=\"section\">\n\t\t\t\t\t\t<div class=\"elementor-container elementor-column-gap-default\">\n\t\t\t\t\t<div class=\"elementor-column elementor-col-100 elementor-inner-column elementor-element elementor-element-7572b00e\" data-id=\"7572b00e\" data-element_type=\"column\" data-e-type=\"column\">\n\t\t\t<div class=\"elementor-widget-wrap elementor-element-populated\">\n\t\t\t\t\t\t<div class=\"elementor-element elementor-element-4746e969 animated-slow elementor-invisible elementor-widget elementor-widget-text-editor\" data-id=\"4746e969\" data-element_type=\"widget\" data-e-type=\"widget\" data-settings=\"{&quot;_animation&quot;:&quot;fadeIn&quot;,&quot;_animation_delay&quot;:500}\" data-widget_type=\"text-editor.default\">\n\t\t\t\t\t\t\t\t\t<h3>Data protection at a glance<\/h3><h4>General information<\/h4><p>The following information provides a simple overview of what happens to your personal data when you visit our website. Personal data is any data that can be used to identify you personally. Detailed information on the subject of data protection can be found in our data protection declaration listed below this text.\u00a0<\/p><h4>Data collection on our website<\/h4><p><strong>Who is responsible for data collection on this website?<\/strong><\/p><p>Data processing on this website is carried out by the website operator. You can find the operator's contact details in the legal notice of this website.\u00a0<\/p><p><strong>How do we collect your data?<\/strong><\/p><p>On the one hand, your data is collected when you provide it to us. This may, for example, be data that you enter in a contact form. Other data is collected automatically by our IT systems when you visit the website. This is primarily technical data (e.g. internet browser, operating system or time of page view). This data is collected automatically as soon as you enter our website. What do we use your data for? Some of the data is collected to ensure that the website is provided without errors. Other data may be used to analyse your user behaviour.\u00a0<\/p><p><strong>What rights do you have regarding your data?<\/strong><\/p><p>You have the right to receive information about the origin, recipient and purpose of your stored personal data free of charge at any time. You also have the right to request the correction, blocking or deletion of this data. You can contact us at any time at the address given in the legal notice if you have further questions on the subject of data protection. You also have the right to lodge a complaint with the competent supervisory authority.\u00a0<\/p><h3>General notes and mandatory information<\/h3><h4>Data protection<\/h4><p>The operators of these pages take the protection of your personal data very seriously. We treat your personal data confidentially and in accordance with the statutory data protection regulations and this privacy policy.<\/p><p>When you use this website, various personal data is collected. Personal data is data that can be used to identify you personally. This privacy policy explains what data we collect and what we use it for. It also explains how and for what purpose this is done.<\/p><p>We would like to point out that data transmission over the Internet (e.g. when communicating by e-mail) can have security gaps. Complete protection of data against access by third parties is not possible.\u00a0<\/p><h4>Note on the responsible body<\/h4><p>The controller responsible for data processing on this website is<\/p><p>Asecs GmbH<br \/>Rosenstrasse 21<br \/>CH &#8211; 8966 Oberwil-Lieli<\/p><p>The controller is the natural or legal person who alone or jointly with others determines the purposes and means of the processing of personal data (e.g. names, e-mail addresses, etc.).\u00a0<\/p><h4>Revocation of your consent to data processing<\/h4><p>Many data processing operations are only possible with your express consent. You can revoke any consent you have already given at any time. All you need to do is send us an informal e-mail. The legality of the data processing carried out until the cancellation remains unaffected by the cancellation.\u00a0<\/p><h4>Right to lodge a complaint with the competent supervisory authority<\/h4><p>In the event of breaches of data protection law, the data subject has the right to lodge a complaint with the competent supervisory authority. The competent supervisory authority for data protection issues is the state data protection officer of the federal state in which our company is based. A list of data protection officers and their contact details can be found at the following link:\u00a0<a href=\"https:\/\/www.bfdi.bund.de\/ZASt\/DE\/Die%20ZAST\/aufgaben-node.html\">https:\/\/www.bfdi.bund.de\/ZASt\/DE\/Die%20ZAST\/aufgaben-node.html<\/a>\u00a0<\/p><h4>Right to data portability<\/h4><p>You have the right to have data that we process automatically on the basis of your consent or in fulfilment of a contract handed over to you or to a third party in a commonly used, machine-readable format. If you request the direct transfer of the data to another controller, this will only be done insofar as it is technically feasible.\u00a0<\/p><h4>Information, blocking, deletion<\/h4><p>Within the framework of the applicable legal provisions, you have the right to free information about your stored personal data, its origin and recipients and the purpose of the data processing and, if necessary, a right to correction, blocking or deletion of this data at any time. You can contact us at any time at the address given in the legal notice if you have further questions on the subject of personal data.\u00a0<\/p><h3>Data collection on our website<\/h3><h4>Server log files<\/h4><p>The provider of the pages automatically collects and stores information in so-called server log files, which your browser automatically transmits to us. The access logs of the web server record which pages have been accessed and when. They contain the following data:<\/p><p>IP address<br \/>date<br \/>Time of day<br \/>pages viewed<br \/>Protocols<br \/>Status code<br \/>Data volume<br \/>Referrer<br \/>User Agent<br \/>Called host name<\/p><p>The IP addresses are stored anonymised. For this purpose, the last three digits are removed, i.e. 127.0.0.1 becomes 127.0.0.*. IPv6 addresses are also anonymised. The accesses are stored for 60 days. Error logs, which record incorrect page views, are deleted after seven days. In addition to the error messages, these contain the accessing IP address and, depending on the error, the website accessed.<\/p><p>This data is not merged with other data sources.<\/p><p>The basis for data processing is Art. 6 para. 1 lit. f GDPR, which permits the processing of data for the fulfilment of a contract or pre-contractual measures.\u00a0<\/p><h4>Legal validity of this disclaimer<\/h4><p>This disclaimer is to be regarded as part of the internet publication which you were referred from. If sections or individual terms of this statement are not legal or correct, the content or validity of the other parts remain uninfluenced by this fact.\u00a0<\/p>\t\t\t\t\t\t\t\t<\/div>\n\t\t\t\t\t<\/div>\n\t\t<\/div>\n\t\t\t\t\t<\/div>\n\t\t<\/section>\n\t\t\t\t<\/div>","protected":false},"excerpt":{"rendered":"<p>Datenschutz Asecs GmbH Datenschutz auf einen Blick Allgemeine Hinweise Die folgenden Hinweise geben einen einfachen \u00dcberblick dar\u00fcber, was mit Ihren personenbezogenen Daten passiert, wenn Sie unsere Website besuchen. Personenbezogene Daten sind alle Daten, mit denen Sie pers\u00f6nlich identifiziert werden k\u00f6nnen. Ausf\u00fchrliche Informationen zum Thema Datenschutz entnehmen Sie unserer unter diesem Text aufgef\u00fchrten Datenschutzerkl\u00e4rung.\u00a0 Datenerfassung auf [&hellip;]<\/p>\n","protected":false},"author":1,"featured_media":0,"parent":0,"menu_order":0,"comment_status":"closed","ping_status":"closed","template":"","meta":{"footnotes":""},"class_list":["post-1624","page","type-page","status-publish","hentry"],"yoast_head":"<!-- This site is optimized with the Yoast SEO plugin v27.6 - https:\/\/yoast.com\/product\/yoast-seo-wordpress\/ -->\n<title>Datenschutz - Asecs GmbH<\/title>\n<meta name=\"robots\" content=\"index, follow, max-snippet:-1, max-image-preview:large, max-video-preview:-1\" \/>\n<link rel=\"canonical\" href=\"https:\/\/www.asecs.ch\/en\/datenschutz\/\" \/>\n<meta property=\"og:locale\" content=\"en_GB\" \/>\n<meta property=\"og:type\" content=\"article\" \/>\n<meta property=\"og:title\" content=\"Datenschutz - Asecs GmbH\" \/>\n<meta property=\"og:description\" content=\"Datenschutz Asecs GmbH Datenschutz auf einen Blick Allgemeine Hinweise Die folgenden Hinweise geben einen einfachen \u00dcberblick dar\u00fcber, was mit Ihren personenbezogenen Daten passiert, wenn Sie unsere Website besuchen. Personenbezogene Daten sind alle Daten, mit denen Sie pers\u00f6nlich identifiziert werden k\u00f6nnen. Ausf\u00fchrliche Informationen zum Thema Datenschutz entnehmen Sie unserer unter diesem Text aufgef\u00fchrten Datenschutzerkl\u00e4rung.\u00a0 Datenerfassung auf [&hellip;]\" \/>\n<meta property=\"og:url\" content=\"https:\/\/www.asecs.ch\/en\/datenschutz\/\" \/>\n<meta property=\"og:site_name\" content=\"Asecs GmbH\" \/>\n<meta property=\"article:modified_time\" content=\"2025-07-11T15:35:54+00:00\" \/>\n<meta name=\"twitter:card\" content=\"summary_large_image\" \/>\n<meta name=\"twitter:label1\" content=\"Estimated reading time\" \/>\n\t<meta name=\"twitter:data1\" content=\"5 minutes\" \/>\n<script type=\"application\/ld+json\" class=\"yoast-schema-graph\">{\"@context\":\"https:\\\/\\\/schema.org\",\"@graph\":[{\"@type\":\"WebPage\",\"@id\":\"https:\\\/\\\/www.asecs.ch\\\/datenschutz\\\/\",\"url\":\"https:\\\/\\\/www.asecs.ch\\\/datenschutz\\\/\",\"name\":\"Datenschutz - Asecs GmbH\",\"isPartOf\":{\"@id\":\"https:\\\/\\\/www.asecs.ch\\\/#website\"},\"datePublished\":\"2025-07-07T12:26:21+00:00\",\"dateModified\":\"2025-07-11T15:35:54+00:00\",\"breadcrumb\":{\"@id\":\"https:\\\/\\\/www.asecs.ch\\\/datenschutz\\\/#breadcrumb\"},\"inLanguage\":\"en-GB\",\"potentialAction\":[{\"@type\":\"ReadAction\",\"target\":[\"https:\\\/\\\/www.asecs.ch\\\/datenschutz\\\/\"]}]},{\"@type\":\"BreadcrumbList\",\"@id\":\"https:\\\/\\\/www.asecs.ch\\\/datenschutz\\\/#breadcrumb\",\"itemListElement\":[{\"@type\":\"ListItem\",\"position\":1,\"name\":\"Startseite\",\"item\":\"https:\\\/\\\/www.asecs.ch\\\/\"},{\"@type\":\"ListItem\",\"position\":2,\"name\":\"Datenschutz\"}]},{\"@type\":\"WebSite\",\"@id\":\"https:\\\/\\\/www.asecs.ch\\\/#website\",\"url\":\"https:\\\/\\\/www.asecs.ch\\\/\",\"name\":\"Asecs GmbH\",\"description\":\"\",\"potentialAction\":[{\"@type\":\"SearchAction\",\"target\":{\"@type\":\"EntryPoint\",\"urlTemplate\":\"https:\\\/\\\/www.asecs.ch\\\/?s={search_term_string}\"},\"query-input\":{\"@type\":\"PropertyValueSpecification\",\"valueRequired\":true,\"valueName\":\"search_term_string\"}}],\"inLanguage\":\"en-GB\"}]}<\/script>\n<!-- \/ Yoast SEO plugin. -->","yoast_head_json":{"title":"Datenschutz - Asecs GmbH","robots":{"index":"index","follow":"follow","max-snippet":"max-snippet:-1","max-image-preview":"max-image-preview:large","max-video-preview":"max-video-preview:-1"},"canonical":"https:\/\/www.asecs.ch\/en\/datenschutz\/","og_locale":"en_GB","og_type":"article","og_title":"Datenschutz - Asecs GmbH","og_description":"Datenschutz Asecs GmbH Datenschutz auf einen Blick Allgemeine Hinweise Die folgenden Hinweise geben einen einfachen \u00dcberblick dar\u00fcber, was mit Ihren personenbezogenen Daten passiert, wenn Sie unsere Website besuchen. Personenbezogene Daten sind alle Daten, mit denen Sie pers\u00f6nlich identifiziert werden k\u00f6nnen. Ausf\u00fchrliche Informationen zum Thema Datenschutz entnehmen Sie unserer unter diesem Text aufgef\u00fchrten Datenschutzerkl\u00e4rung.\u00a0 Datenerfassung auf [&hellip;]","og_url":"https:\/\/www.asecs.ch\/en\/datenschutz\/","og_site_name":"Asecs GmbH","article_modified_time":"2025-07-11T15:35:54+00:00","twitter_card":"summary_large_image","twitter_misc":{"Estimated reading time":"5 minutes"},"schema":{"@context":"https:\/\/schema.org","@graph":[{"@type":"WebPage","@id":"https:\/\/www.asecs.ch\/datenschutz\/","url":"https:\/\/www.asecs.ch\/datenschutz\/","name":"Datenschutz - Asecs GmbH","isPartOf":{"@id":"https:\/\/www.asecs.ch\/#website"},"datePublished":"2025-07-07T12:26:21+00:00","dateModified":"2025-07-11T15:35:54+00:00","breadcrumb":{"@id":"https:\/\/www.asecs.ch\/datenschutz\/#breadcrumb"},"inLanguage":"en-GB","potentialAction":[{"@type":"ReadAction","target":["https:\/\/www.asecs.ch\/datenschutz\/"]}]},{"@type":"BreadcrumbList","@id":"https:\/\/www.asecs.ch\/datenschutz\/#breadcrumb","itemListElement":[{"@type":"ListItem","position":1,"name":"Startseite","item":"https:\/\/www.asecs.ch\/"},{"@type":"ListItem","position":2,"name":"Datenschutz"}]},{"@type":"WebSite","@id":"https:\/\/www.asecs.ch\/#website","url":"https:\/\/www.asecs.ch\/","name":"Asecs GmbH","description":"","potentialAction":[{"@type":"SearchAction","target":{"@type":"EntryPoint","urlTemplate":"https:\/\/www.asecs.ch\/?s={search_term_string}"},"query-input":{"@type":"PropertyValueSpecification","valueRequired":true,"valueName":"search_term_string"}}],"inLanguage":"en-GB"}]}},"_links":{"self":[{"href":"https:\/\/www.asecs.ch\/en\/wp-json\/wp\/v2\/pages\/1624","targetHints":{"allow":["GET"]}}],"collection":[{"href":"https:\/\/www.asecs.ch\/en\/wp-json\/wp\/v2\/pages"}],"about":[{"href":"https:\/\/www.asecs.ch\/en\/wp-json\/wp\/v2\/types\/page"}],"author":[{"embeddable":true,"href":"https:\/\/www.asecs.ch\/en\/wp-json\/wp\/v2\/users\/1"}],"replies":[{"embeddable":true,"href":"https:\/\/www.asecs.ch\/en\/wp-json\/wp\/v2\/comments?post=1624"}],"version-history":[{"count":16,"href":"https:\/\/www.asecs.ch\/en\/wp-json\/wp\/v2\/pages\/1624\/revisions"}],"predecessor-version":[{"id":1895,"href":"https:\/\/www.asecs.ch\/en\/wp-json\/wp\/v2\/pages\/1624\/revisions\/1895"}],"wp:attachment":[{"href":"https:\/\/www.asecs.ch\/en\/wp-json\/wp\/v2\/media?parent=1624"}],"curies":[{"name":"wp","href":"https:\/\/api.w.org\/{rel}","templated":true}]}}