{"id":1639,"date":"2025-07-07T14:41:46","date_gmt":"2025-07-07T12:41:46","guid":{"rendered":"https:\/\/asecs.diskspace.ch\/?page_id=1639"},"modified":"2025-07-08T13:56:00","modified_gmt":"2025-07-08T11:56:00","slug":"agb","status":"publish","type":"page","link":"https:\/\/www.asecs.ch\/en\/agb\/","title":{"rendered":"Terms and Conditions"},"content":{"rendered":"<div data-elementor-type=\"wp-page\" data-elementor-id=\"1639\" class=\"elementor elementor-1639\" data-elementor-post-type=\"page\">\n\t\t\t\t\t\t<section class=\"elementor-section elementor-top-section elementor-element elementor-element-2ee8e9a elementor-reverse-mobile elementor-section-boxed elementor-section-height-default elementor-section-height-default\" data-id=\"2ee8e9a\" data-element_type=\"section\" data-e-type=\"section\" data-settings=\"{&quot;background_background&quot;:&quot;classic&quot;}\">\n\t\t\t\t\t\t\t<div class=\"elementor-background-overlay\"><\/div>\n\t\t\t\t\t\t\t<div class=\"elementor-container elementor-column-gap-default\">\n\t\t\t\t\t<div class=\"elementor-column elementor-col-100 elementor-top-column elementor-element elementor-element-49ff785a\" data-id=\"49ff785a\" data-element_type=\"column\" data-e-type=\"column\">\n\t\t\t<div class=\"elementor-widget-wrap elementor-element-populated\">\n\t\t\t\t\t\t<div class=\"elementor-element elementor-element-6f61648d elementor-widget elementor-widget-elementskit-heading\" data-id=\"6f61648d\" data-element_type=\"widget\" data-e-type=\"widget\" data-widget_type=\"elementskit-heading.default\">\n\t\t\t\t\t<div class=\"ekit-wid-con\" ><div class=\"ekit-heading elementskit-section-title-wraper text_center   ekit_heading_tablet-   ekit_heading_mobile-text_center\"><h1 class=\"ekit-heading--title elementskit-section-title\"><span><span>General Terms and Conditions<\/span><\/span> Asecs GmbH<\/h1><div class=\"ekit_heading_separetor_wraper ekit_heading_elementskit-border-divider ekit-dotted\"><div class=\"elementskit-border-divider ekit-dotted\"><\/div><\/div><\/div><\/div>\t\t\t\t<\/div>\n\t\t\t\t\t<\/div>\n\t\t<\/div>\n\t\t\t\t\t<\/div>\n\t\t<\/section>\n\t\t\t\t<section class=\"elementor-section elementor-inner-section elementor-element elementor-element-60f31d11 elementor-section-boxed elementor-section-height-default elementor-section-height-default\" data-id=\"60f31d11\" data-element_type=\"section\" data-e-type=\"section\">\n\t\t\t\t\t\t<div class=\"elementor-container elementor-column-gap-default\">\n\t\t\t\t\t<div class=\"elementor-column elementor-col-100 elementor-inner-column elementor-element elementor-element-2de23e50\" data-id=\"2de23e50\" data-element_type=\"column\" data-e-type=\"column\">\n\t\t\t<div class=\"elementor-widget-wrap elementor-element-populated\">\n\t\t\t\t\t\t<div class=\"elementor-element elementor-element-3fe9a970 animated-slow elementor-invisible elementor-widget elementor-widget-text-editor\" data-id=\"3fe9a970\" data-element_type=\"widget\" data-e-type=\"widget\" data-settings=\"{&quot;_animation&quot;:&quot;fadeIn&quot;,&quot;_animation_delay&quot;:500}\" data-widget_type=\"text-editor.default\">\n\t\t\t\t\t\t\t\t\t<h5>General Terms and Conditions of Asecs GmbH<\/h5><p>1. scope of application<br \/>These General Terms and Conditions (GTC) govern the conclusion of contracts, the content and the processing of agreements on the planning and installation of security systems by Asecs GmbH and its subsidiaries using these GTC. Deviating terms and conditions are only valid if Asecs GmbH has expressly agreed to them in writing.<\/p><p>2. Offer<br \/>Written quotations are valid for three months from the date of issue. Additional requirements that are not included in the offer or are only added after the contract has been concluded must be agreed separately.<\/p><p>3. Scope of services<br \/>The scope and execution of our services are based on the quotation, the order confirmation or the contract for work. Services outside these documents, as well as necessary on-site preparations, equipment, work and measures required for the execution of the order by Asecs GmbH, are not included. Additional services that are ordered verbally by the client and are not included in the offer will be charged at cost rates. The same applies to unforeseen properties, technical or other circumstances that were not recognisable when Asecs GmbH prepared the quotation or were concealed by the customer and require additional services. Asecs GmbH accepts no liability for delays caused, for example, by third parties or suppliers.<\/p><p>4. Prices<br \/>The prices of Asecs GmbH are net prices in Swiss francs (CHF) and are exclusive of the applicable value added tax (VAT). Additional services resulting from inadequate or incorrect information in the documents provided by the client will be charged to the client at Asecs GmbH's cost. Our services are invoiced in units of 15 minutes. Every quarter of an hour or part thereof is charged as a full unit. This enables transparent and fair invoicing of the actual work involved. We reserve the right to charge a reminder fee of CHF 20 per reminder in the event of late payment after expiry of the set deadline.<\/p><p>5. Delivery times \/ deliveries<br \/>The delivery times stated for products and materials are non-binding guidelines. The manufacturer's specifications, which may change at short notice, are authoritative. Products and materials are dispatched at the risk of the customer.<\/p><p>6. Conclusion of contract<br \/>Contracts can be concluded verbally or in writing. Contracts concluded verbally will always be confirmed in writing (e.g. by letter or e-mail).<\/p><p>7. Dates<br \/>Asecs GmbH is obliged to meet the deadlines agreed in accordance with the signed contract or offer. Agreed deadlines are subject to force majeure, official measures, unforeseeable structural conditions, environmental events and delays caused by dependencies on third parties or suppliers. As soon as delays are recognisable to Asecs GmbH, the customer shall be informed of these immediately in writing.<\/p><p>8. Maintenance intervals<br \/>Unless otherwise agreed, annual maintenance must be carried out. Failure to comply with the maintenance intervals will invalidate any warranty claims.<\/p><p>9. Terms of payment<br \/>The payment period for installations, deliveries or annual maintenance work is 30 days net after invoicing. For larger or longer-term orders, corresponding instalments will be invoiced. The customer is not entitled to withhold or reduce payments due to complaints, claims or counterclaims not recognised by Asecs GmbH. The system shall be deemed completed as soon as it has been fully assembled and commissioned. This also applies if minor finalisation or completion work can only be carried out at a later date. If commissioning and handover cannot take place for reasons for which Asecs GmbH is not responsible, the final amount may be invoiced within 30 days of completion.<\/p><p>10. Acceptance<br \/>The client must inspect deliveries and services within a reasonable period of time and report any defects immediately in writing. If the client fails to do so, the deliveries and services shall be deemed to have been accepted and approved. Defects that were not recognisable upon careful inspection must be reported in writing immediately after their discovery.<\/p><p>11. Warranty<br \/>Asecs GmbH grants a warranty of two years from the date of acceptance of the complete contractually owed service, unless expressly agreed otherwise in writing. The period begins on the day after commissioning with the customer. If no acceptance report is available, the commissioning by Asecs GmbH or the submission of the final invoice shall also be deemed acceptance. For deliveries of materials or equipment, the warranty shall apply in accordance with the manufacturer's provisions.<br \/>If there is a defect, Asecs GmbH undertakes to rectify it within a reasonable period of time and at its own expense (rectification). If the work proves to be defective or unusable during the warranty period and this is demonstrably due to poor workmanship or defective material supplied by Asecs GmbH, the defective parts shall be repaired or replaced by Asecs GmbH within a reasonable period of time at its discretion. The prerequisite is that the defects are reported during the warranty period and immediately after discovery.<\/p><p>12. Liability<br \/>Asecs GmbH shall only be liable for damage to property and personal injury caused by intent or gross negligence. Liability is otherwise excluded. No liability is accepted for consequential damage resulting from the use of the products. This applies in particular to material damage, financial loss and damage caused by delay, irrespective of the legal grounds, as well as to indirect or consequential damage, loss of profit, loss of earnings and unrealised savings.<br \/>In addition, the liability of Asecs GmbH for any fault of auxiliary persons is expressly excluded. Finally, Asecs GmbH is also not liable for any kind of consequential damage (in particular natural disasters such as fire and environmental damage that do not directly affect the subject matter of the contract).<\/p><p>13. Obligations of the client to co-operate<br \/>The customer shall inform Asecs GmbH about existing system documentation and make it available. In addition, the customer shall authorise the employees of Asecs GmbH unrestricted access to the systems.<\/p><p>14. Reservation of title<br \/>Ownership of products and materials shall not pass to the client until the price agreed in the contract has been paid in full. The transfer or transfer to third parties without authorisation is prohibited. Asecs GmbH is authorised to have the retention of title entered in the retention of title register at the customer's registered office.<\/p><p>15. Data protection and confidentiality<br \/>Asecs GmbH undertakes to comply with the provisions of data protection and to process customer data carefully. Unless otherwise contractually agreed, the company is authorised to use the customer as a reference for potential customers.<\/p><p>16. Place of jurisdiction and applicable law<br \/>The legal relationship is subject to Swiss law. The registered office of Asecs GmbH shall be the place of fulfilment and jurisdiction for all obligations arising from concluded contracts.<\/p>\t\t\t\t\t\t\t\t<\/div>\n\t\t\t\t\t<\/div>\n\t\t<\/div>\n\t\t\t\t\t<\/div>\n\t\t<\/section>\n\t\t\t\t<\/div>","protected":false},"excerpt":{"rendered":"<p>Allgemeine Gesch\u00e4ftsbedingungen Asecs GmbH Allgemeine Gesch\u00e4ftsbedingungen der Asecs GmbH 1. GeltungsbereichDiese Allgemeinen Gesch\u00e4ftsbedingungen (AGB) regeln den Vertragsabschluss, den Inhalt und die Abwicklung von Vereinbarungen \u00fcber die Planung und Installation von Sicherheitssystemen durch die Asecs GmbH und deren Tochtergesellschaften, die diese AGB nutzen. Abweichende Bedingungen sind nur g\u00fcltig, wenn die Asecs GmbH ihnen ausdr\u00fccklich und schriftlich [&hellip;]<\/p>\n","protected":false},"author":1,"featured_media":0,"parent":0,"menu_order":0,"comment_status":"closed","ping_status":"closed","template":"","meta":{"footnotes":""},"class_list":["post-1639","page","type-page","status-publish","hentry"],"yoast_head":"<!-- This site is optimized with the Yoast SEO plugin v27.6 - https:\/\/yoast.com\/product\/yoast-seo-wordpress\/ -->\n<title>AGB - Asecs GmbH<\/title>\n<meta name=\"robots\" content=\"index, follow, max-snippet:-1, max-image-preview:large, max-video-preview:-1\" \/>\n<link rel=\"canonical\" href=\"https:\/\/www.asecs.ch\/en\/agb\/\" \/>\n<meta property=\"og:locale\" content=\"en_GB\" \/>\n<meta property=\"og:type\" content=\"article\" \/>\n<meta property=\"og:title\" content=\"AGB - Asecs GmbH\" \/>\n<meta property=\"og:description\" content=\"Allgemeine Gesch\u00e4ftsbedingungen Asecs GmbH Allgemeine Gesch\u00e4ftsbedingungen der Asecs GmbH 1. GeltungsbereichDiese Allgemeinen Gesch\u00e4ftsbedingungen (AGB) regeln den Vertragsabschluss, den Inhalt und die Abwicklung von Vereinbarungen \u00fcber die Planung und Installation von Sicherheitssystemen durch die Asecs GmbH und deren Tochtergesellschaften, die diese AGB nutzen. Abweichende Bedingungen sind nur g\u00fcltig, wenn die Asecs GmbH ihnen ausdr\u00fccklich und schriftlich [&hellip;]\" \/>\n<meta property=\"og:url\" content=\"https:\/\/www.asecs.ch\/en\/agb\/\" \/>\n<meta property=\"og:site_name\" content=\"Asecs GmbH\" \/>\n<meta property=\"article:modified_time\" content=\"2025-07-08T11:56:00+00:00\" \/>\n<meta name=\"twitter:card\" content=\"summary_large_image\" \/>\n<meta name=\"twitter:label1\" content=\"Estimated reading time\" \/>\n\t<meta name=\"twitter:data1\" content=\"5 minutes\" \/>\n<script type=\"application\/ld+json\" class=\"yoast-schema-graph\">{\"@context\":\"https:\\\/\\\/schema.org\",\"@graph\":[{\"@type\":\"WebPage\",\"@id\":\"https:\\\/\\\/www.asecs.ch\\\/agb\\\/\",\"url\":\"https:\\\/\\\/www.asecs.ch\\\/agb\\\/\",\"name\":\"AGB - Asecs GmbH\",\"isPartOf\":{\"@id\":\"https:\\\/\\\/www.asecs.ch\\\/#website\"},\"datePublished\":\"2025-07-07T12:41:46+00:00\",\"dateModified\":\"2025-07-08T11:56:00+00:00\",\"breadcrumb\":{\"@id\":\"https:\\\/\\\/www.asecs.ch\\\/agb\\\/#breadcrumb\"},\"inLanguage\":\"en-GB\",\"potentialAction\":[{\"@type\":\"ReadAction\",\"target\":[\"https:\\\/\\\/www.asecs.ch\\\/agb\\\/\"]}]},{\"@type\":\"BreadcrumbList\",\"@id\":\"https:\\\/\\\/www.asecs.ch\\\/agb\\\/#breadcrumb\",\"itemListElement\":[{\"@type\":\"ListItem\",\"position\":1,\"name\":\"Startseite\",\"item\":\"https:\\\/\\\/www.asecs.ch\\\/\"},{\"@type\":\"ListItem\",\"position\":2,\"name\":\"AGB\"}]},{\"@type\":\"WebSite\",\"@id\":\"https:\\\/\\\/www.asecs.ch\\\/#website\",\"url\":\"https:\\\/\\\/www.asecs.ch\\\/\",\"name\":\"Asecs GmbH\",\"description\":\"\",\"potentialAction\":[{\"@type\":\"SearchAction\",\"target\":{\"@type\":\"EntryPoint\",\"urlTemplate\":\"https:\\\/\\\/www.asecs.ch\\\/?s={search_term_string}\"},\"query-input\":{\"@type\":\"PropertyValueSpecification\",\"valueRequired\":true,\"valueName\":\"search_term_string\"}}],\"inLanguage\":\"en-GB\"}]}<\/script>\n<!-- \/ Yoast SEO plugin. -->","yoast_head_json":{"title":"AGB - Asecs GmbH","robots":{"index":"index","follow":"follow","max-snippet":"max-snippet:-1","max-image-preview":"max-image-preview:large","max-video-preview":"max-video-preview:-1"},"canonical":"https:\/\/www.asecs.ch\/en\/agb\/","og_locale":"en_GB","og_type":"article","og_title":"AGB - Asecs GmbH","og_description":"Allgemeine Gesch\u00e4ftsbedingungen Asecs GmbH Allgemeine Gesch\u00e4ftsbedingungen der Asecs GmbH 1. GeltungsbereichDiese Allgemeinen Gesch\u00e4ftsbedingungen (AGB) regeln den Vertragsabschluss, den Inhalt und die Abwicklung von Vereinbarungen \u00fcber die Planung und Installation von Sicherheitssystemen durch die Asecs GmbH und deren Tochtergesellschaften, die diese AGB nutzen. Abweichende Bedingungen sind nur g\u00fcltig, wenn die Asecs GmbH ihnen ausdr\u00fccklich und schriftlich [&hellip;]","og_url":"https:\/\/www.asecs.ch\/en\/agb\/","og_site_name":"Asecs GmbH","article_modified_time":"2025-07-08T11:56:00+00:00","twitter_card":"summary_large_image","twitter_misc":{"Estimated reading time":"5 minutes"},"schema":{"@context":"https:\/\/schema.org","@graph":[{"@type":"WebPage","@id":"https:\/\/www.asecs.ch\/agb\/","url":"https:\/\/www.asecs.ch\/agb\/","name":"AGB - Asecs GmbH","isPartOf":{"@id":"https:\/\/www.asecs.ch\/#website"},"datePublished":"2025-07-07T12:41:46+00:00","dateModified":"2025-07-08T11:56:00+00:00","breadcrumb":{"@id":"https:\/\/www.asecs.ch\/agb\/#breadcrumb"},"inLanguage":"en-GB","potentialAction":[{"@type":"ReadAction","target":["https:\/\/www.asecs.ch\/agb\/"]}]},{"@type":"BreadcrumbList","@id":"https:\/\/www.asecs.ch\/agb\/#breadcrumb","itemListElement":[{"@type":"ListItem","position":1,"name":"Startseite","item":"https:\/\/www.asecs.ch\/"},{"@type":"ListItem","position":2,"name":"AGB"}]},{"@type":"WebSite","@id":"https:\/\/www.asecs.ch\/#website","url":"https:\/\/www.asecs.ch\/","name":"Asecs GmbH","description":"","potentialAction":[{"@type":"SearchAction","target":{"@type":"EntryPoint","urlTemplate":"https:\/\/www.asecs.ch\/?s={search_term_string}"},"query-input":{"@type":"PropertyValueSpecification","valueRequired":true,"valueName":"search_term_string"}}],"inLanguage":"en-GB"}]}},"_links":{"self":[{"href":"https:\/\/www.asecs.ch\/en\/wp-json\/wp\/v2\/pages\/1639","targetHints":{"allow":["GET"]}}],"collection":[{"href":"https:\/\/www.asecs.ch\/en\/wp-json\/wp\/v2\/pages"}],"about":[{"href":"https:\/\/www.asecs.ch\/en\/wp-json\/wp\/v2\/types\/page"}],"author":[{"embeddable":true,"href":"https:\/\/www.asecs.ch\/en\/wp-json\/wp\/v2\/users\/1"}],"replies":[{"embeddable":true,"href":"https:\/\/www.asecs.ch\/en\/wp-json\/wp\/v2\/comments?post=1639"}],"version-history":[{"count":19,"href":"https:\/\/www.asecs.ch\/en\/wp-json\/wp\/v2\/pages\/1639\/revisions"}],"predecessor-version":[{"id":1861,"href":"https:\/\/www.asecs.ch\/en\/wp-json\/wp\/v2\/pages\/1639\/revisions\/1861"}],"wp:attachment":[{"href":"https:\/\/www.asecs.ch\/en\/wp-json\/wp\/v2\/media?parent=1639"}],"curies":[{"name":"wp","href":"https:\/\/api.w.org\/{rel}","templated":true}]}}